{"id":5047,"date":"2021-06-25T11:54:39","date_gmt":"2021-06-25T11:54:39","guid":{"rendered":"https:\/\/test.caladium.de\/?page_id=5047"},"modified":"2026-04-01T12:42:53","modified_gmt":"2026-04-01T12:42:53","slug":"speisekarte","status":"publish","type":"page","link":"https:\/\/milchmaedchen-cafe.com\/en\/speisekarte\/","title":{"rendered":"Menu"},"content":{"rendered":"<div class=\"gb-container gb-container-86ff5084\"><div class=\"gb-inside-container\">\n<div class=\"gb-grid-wrapper gb-grid-wrapper-17e3a3bc\">\n<div class=\"gb-grid-column gb-grid-column-7e397e2f\"><div class=\"gb-container gb-container-7e397e2f\"><div class=\"gb-inside-container\">\n\n<h1 class=\"gb-headline gb-headline-ffac6e47 gb-headline-text\">Foods &amp; Drinks<\/h1>\n\n<\/div><\/div><\/div>\n<\/div>\n<\/div><\/div>\n\n<div class=\"gb-container gb-container-ba8c0951\"><div class=\"gb-inside-container\">\n<div class=\"gb-grid-wrapper gb-grid-wrapper-07645ddc\">\n<div class=\"gb-grid-column gb-grid-column-59ae8270\"><div class=\"gb-container gb-container-59ae8270\"><div class=\"gb-inside-container\">\n\n<h2 class=\"gb-headline gb-headline-a88a3c78 gb-headline-text\">Coffee, cakes, sweets<\/h2>\n\n\n\n<p class=\"has-text-color\" style=\"color:#123f50\">Diversity on a high quality level is our creed by choosing foods and drinks. Our cakes and bread are homemade with love, our coffee specialties are freshly brewed and frothed with our portafilter machine. <br><br>Since everythng is homemade, we can guarantee the freshness of used ingredients and high quality of our products. <\/p>\n\n<\/div><\/div><\/div>\n\n<div class=\"gb-grid-column gb-grid-column-e6671192\"><div class=\"gb-container gb-container-e6671192\"><div class=\"gb-inside-container\">\n<div class=\"wp-block-image\">\n<figure class=\"aligncenter size-large\"><img loading=\"lazy\" decoding=\"async\" width=\"512\" height=\"1024\" src=\"http:\/\/milchmaedchen-cafe.com\/wp-content\/uploads\/2026\/04\/Saisonkarte-Fruehling-2026-deutsch-512x1024.jpg\" alt=\"\" class=\"wp-image-6013\" srcset=\"https:\/\/milchmaedchen-cafe.com\/wp-content\/uploads\/2026\/04\/Saisonkarte-Fruehling-2026-deutsch-512x1024.jpg 512w, https:\/\/milchmaedchen-cafe.com\/wp-content\/uploads\/2026\/04\/Saisonkarte-Fruehling-2026-deutsch-150x300.jpg 150w, https:\/\/milchmaedchen-cafe.com\/wp-content\/uploads\/2026\/04\/Saisonkarte-Fruehling-2026-deutsch-768x1536.jpg 768w, https:\/\/milchmaedchen-cafe.com\/wp-content\/uploads\/2026\/04\/Saisonkarte-Fruehling-2026-deutsch-1024x2048.jpg 1024w, https:\/\/milchmaedchen-cafe.com\/wp-content\/uploads\/2026\/04\/Saisonkarte-Fruehling-2026-deutsch.jpg 1099w\" sizes=\"auto, (max-width: 512px) 100vw, 512px\" \/><figcaption class=\"wp-element-caption\">With a click on this image you will download our menu<\/figcaption><\/figure>\n<\/div>\n<\/div><\/div><\/div>\n<\/div>\n\n<div class=\"gb-grid-wrapper gb-grid-wrapper-fa974fe2\">\n<div class=\"gb-grid-column gb-grid-column-f8be4238\"><div class=\"gb-container gb-container-f8be4238\"><div class=\"gb-inside-container\"><\/div><\/div><\/div>\n\n<div class=\"gb-grid-column gb-grid-column-056a0082\"><div class=\"gb-container gb-container-056a0082\"><div class=\"gb-inside-container\"><\/div><\/div><\/div>\n<\/div>\n<\/div><\/div>\n\n<div class=\"gb-grid-wrapper gb-grid-wrapper-8913edc4\">\n<div class=\"gb-grid-column gb-grid-column-91a47b9d\"><div class=\"gb-container gb-container-91a47b9d\"><div class=\"gb-inside-container\">\n\n<figure class=\"wp-block-image size-large\"><img loading=\"lazy\" decoding=\"async\" width=\"1024\" height=\"683\" src=\"http:\/\/milchmaedchen-cafe.com\/wp-content\/uploads\/2023\/12\/Milchmaedchen_05.12.2023_nach-Umbau_neue-Karte-224-1024x683.jpg\" alt=\"\" class=\"wp-image-5690\" srcset=\"https:\/\/milchmaedchen-cafe.com\/wp-content\/uploads\/2023\/12\/Milchmaedchen_05.12.2023_nach-Umbau_neue-Karte-224-1024x683.jpg 1024w, https:\/\/milchmaedchen-cafe.com\/wp-content\/uploads\/2023\/12\/Milchmaedchen_05.12.2023_nach-Umbau_neue-Karte-224-300x200.jpg 300w, https:\/\/milchmaedchen-cafe.com\/wp-content\/uploads\/2023\/12\/Milchmaedchen_05.12.2023_nach-Umbau_neue-Karte-224-768x512.jpg 768w, https:\/\/milchmaedchen-cafe.com\/wp-content\/uploads\/2023\/12\/Milchmaedchen_05.12.2023_nach-Umbau_neue-Karte-224-1536x1024.jpg 1536w, https:\/\/milchmaedchen-cafe.com\/wp-content\/uploads\/2023\/12\/Milchmaedchen_05.12.2023_nach-Umbau_neue-Karte-224-2048x1365.jpg 2048w\" sizes=\"auto, (max-width: 1024px) 100vw, 1024px\" \/><\/figure>\n\n<\/div><\/div><\/div>\n\n<div class=\"gb-grid-column gb-grid-column-48051ff1\"><div class=\"gb-container gb-container-48051ff1\"><div class=\"gb-inside-container\">\n\n<h3 class=\"gb-headline gb-headline-0ca1c17f gb-headline-text\">Coffee<\/h3>\n\n\n\n<p class=\"has-text-color\" style=\"color:#123f50\">We obtain our coffee and espresso beans from <em>Mrs. Brown<\/em>, a family business roasting facility on the outskirts of Dresden. <br><br>Our coffee specialist Holger is usually travelling to every growing area, like Vietnam and Colombia, and he knows all the coffee farmers by their names. <\/p>\n\n\n\n<p class=\"has-text-color\" style=\"color:#123f50\">Even our hot chocolates that are made from actual chocolate flakes are being obtained by this roasting facility.<\/p>\n\n<\/div><\/div><\/div>\n<\/div>\n\n<div class=\"gb-grid-wrapper gb-grid-wrapper-eaf3093c\">\n<div class=\"gb-grid-column gb-grid-column-86bfa5a9\"><div class=\"gb-container gb-container-86bfa5a9\"><div class=\"gb-inside-container\">\n\n<h3 class=\"gb-headline gb-headline-3e0ab972 gb-headline-text\">VEGAN<\/h3>\n\n\n\n<p class=\"has-text-color\" style=\"color:#123f50\">Culinary pleasure can also be vegan. We offer a big variety of vegan cakes and breakfast options that not only excite vegans. Plantbased is always yummy at our place.<\/p>\n\n<\/div><\/div><\/div>\n\n<div class=\"gb-grid-column gb-grid-column-1649f74c\"><div class=\"gb-container gb-container-1649f74c\"><div class=\"gb-inside-container\">\n\n<figure class=\"wp-block-image size-large\"><img loading=\"lazy\" decoding=\"async\" width=\"1024\" height=\"683\" src=\"http:\/\/milchmaedchen-cafe.com\/wp-content\/uploads\/2023\/12\/Milchmaedchen_05.12.2023_nach-Umbau_neue-Karte-273-1024x683.jpg\" alt=\"\" class=\"wp-image-5695\" srcset=\"https:\/\/milchmaedchen-cafe.com\/wp-content\/uploads\/2023\/12\/Milchmaedchen_05.12.2023_nach-Umbau_neue-Karte-273-1024x683.jpg 1024w, https:\/\/milchmaedchen-cafe.com\/wp-content\/uploads\/2023\/12\/Milchmaedchen_05.12.2023_nach-Umbau_neue-Karte-273-300x200.jpg 300w, https:\/\/milchmaedchen-cafe.com\/wp-content\/uploads\/2023\/12\/Milchmaedchen_05.12.2023_nach-Umbau_neue-Karte-273-768x512.jpg 768w, https:\/\/milchmaedchen-cafe.com\/wp-content\/uploads\/2023\/12\/Milchmaedchen_05.12.2023_nach-Umbau_neue-Karte-273-1536x1024.jpg 1536w, https:\/\/milchmaedchen-cafe.com\/wp-content\/uploads\/2023\/12\/Milchmaedchen_05.12.2023_nach-Umbau_neue-Karte-273-2048x1365.jpg 2048w\" sizes=\"auto, (max-width: 1024px) 100vw, 1024px\" \/><\/figure>\n\n<\/div><\/div><\/div>\n<\/div>\n\n<div class=\"gb-grid-wrapper gb-grid-wrapper-b863d693\">\n<div class=\"gb-grid-column gb-grid-column-91696983\"><div class=\"gb-container gb-container-91696983\"><div class=\"gb-inside-container\">\n\n<figure class=\"wp-block-image size-large\"><img loading=\"lazy\" decoding=\"async\" width=\"1024\" height=\"683\" src=\"http:\/\/milchmaedchen-cafe.com\/wp-content\/uploads\/2023\/12\/Milchmaedchen_05.12.2023_nach-Umbau_neue-Karte-352-1024x683.jpg\" alt=\"\" class=\"wp-image-5704\" srcset=\"https:\/\/milchmaedchen-cafe.com\/wp-content\/uploads\/2023\/12\/Milchmaedchen_05.12.2023_nach-Umbau_neue-Karte-352-1024x683.jpg 1024w, https:\/\/milchmaedchen-cafe.com\/wp-content\/uploads\/2023\/12\/Milchmaedchen_05.12.2023_nach-Umbau_neue-Karte-352-300x200.jpg 300w, https:\/\/milchmaedchen-cafe.com\/wp-content\/uploads\/2023\/12\/Milchmaedchen_05.12.2023_nach-Umbau_neue-Karte-352-768x512.jpg 768w, https:\/\/milchmaedchen-cafe.com\/wp-content\/uploads\/2023\/12\/Milchmaedchen_05.12.2023_nach-Umbau_neue-Karte-352-1536x1024.jpg 1536w, https:\/\/milchmaedchen-cafe.com\/wp-content\/uploads\/2023\/12\/Milchmaedchen_05.12.2023_nach-Umbau_neue-Karte-352-2048x1365.jpg 2048w\" sizes=\"auto, (max-width: 1024px) 100vw, 1024px\" \/><\/figure>\n\n<\/div><\/div><\/div>\n\n<div class=\"gb-grid-column gb-grid-column-3a2c0e48\"><div class=\"gb-container gb-container-3a2c0e48\"><div class=\"gb-inside-container\">\n\n<h3 class=\"gb-headline gb-headline-a4d88c21 gb-headline-text\">Homemade<\/h3>\n\n\n\n<p class=\"has-text-color\" style=\"color:#123f50\">Most important to us is that the quality is right. All our products are being prepared after our own recipies and are homemade with lots of love.<\/p>\n\n\n\n<p class=\"has-text-color\" style=\"color:#123f50\">Just one example is the bread, that we use for our breakfast. It is baked freshly every day in our own bakery. <\/p>\n\n<\/div><\/div><\/div>\n<\/div>","protected":false},"excerpt":{"rendered":"","protected":false},"author":2,"featured_media":5664,"parent":0,"menu_order":0,"comment_status":"closed","ping_status":"closed","template":"","meta":{"footnotes":""},"class_list":["post-5047","page","type-page","status-publish","has-post-thumbnail"],"translation":{"provider":"WPGlobus","version":"2.12.2","language":"en","enabled_languages":["de","en"],"languages":{"de":{"title":true,"content":true,"excerpt":false},"en":{"title":true,"content":true,"excerpt":false}}},"yoast_head":"<!-- This site is optimized with the Yoast SEO plugin v21.7 - https:\/\/yoast.com\/wordpress\/plugins\/seo\/ -->\n<title>{:de}Speisekarte vom Caf\u00e9 Milchm\u00e4dchen in Dresden - vegan, regional, hausgemacht{:}{:en}Menu of Caf\u00e9 Milchm\u00e4dchen in Dresden - food and drinks{:}<\/title>\n<meta name=\"description\" content=\"{:de}Hier findest du unsere Speisekarte! Wir bieten dir qualitativ hochwertige Produkte: von veganen Gerichten \u00fcber Kuchen hin zu Waffeln. Und nat\u00fcrlich ist alles handgemacht!{:}{:en}Get to know our menu! We offer you high quality products: from vegan foods to cake and waffles. And of course, everything is housemade!{:}\" \/>\n<meta name=\"robots\" content=\"index, follow, max-snippet:-1, max-image-preview:large, max-video-preview:-1\" \/>\n<link rel=\"canonical\" href=\"http:\/\/milchmaedchen-cafe.com\/speisekarte\/\" \/>\n<meta property=\"og:locale\" content=\"en_US\" \/>\n<meta property=\"og:type\" content=\"article\" \/>\n<meta property=\"og:title\" content=\"Speisekarte vom Caf\u00e9 Milchm\u00e4dchen in Dresden - vegan, regional, hausgemacht\" \/>\n<meta property=\"og:description\" content=\"Hier findest du unsere Speisekarte! Wir bieten dir qualitativ hochwertige Produkte: von veganen Gerichten \u00fcber Kuchen hin zu Waffeln. Und nat\u00fcrlich ist alles handgemacht!\" \/>\n<meta property=\"og:url\" content=\"http:\/\/milchmaedchen-cafe.com\/speisekarte\/\" \/>\n<meta property=\"og:site_name\" content=\"Cafe Milchm\u00e4dchen - Fr\u00fchst\u00fccken in Dresden\" \/>\n<meta property=\"article:modified_time\" content=\"2026-04-01T12:42:53+00:00\" \/>\n<meta property=\"og:image\" content=\"http:\/\/milchmaedchen-cafe.com\/wp-content\/uploads\/2023\/12\/Milchmaedchen_05.12.2023_nach-Umbau_neue-Karte-318-scaled.jpg\" \/>\n\t<meta property=\"og:image:width\" content=\"2560\" \/>\n\t<meta property=\"og:image:height\" content=\"1706\" \/>\n\t<meta property=\"og:image:type\" content=\"image\/jpeg\" \/>\n<meta name=\"twitter:card\" content=\"summary_large_image\" \/>\n<meta name=\"twitter:title\" content=\"Speisekarte vom Caf\u00e9 Milchm\u00e4dchen in Dresden - vegan, regional, hausgemacht\" \/>\n<meta name=\"twitter:description\" content=\"Hier findest du unsere Speisekarte! Wir bieten dir qualitativ hochwertige Produkte: von veganen Gerichten \u00fcber Kuchen hin zu Waffeln. Und nat\u00fcrlich ist alles handgemacht!\" \/>\n<meta name=\"twitter:image\" content=\"https:\/\/milchmaedchen-cafe.com\/wp-content\/uploads\/2021\/06\/Fru\u0308hstu\u0308ck.jpg\" \/>\n<meta name=\"twitter:label1\" content=\"Est. reading time\" \/>\n\t<meta name=\"twitter:data1\" content=\"3 minutes\" \/>\n<script type=\"application\/ld+json\" class=\"yoast-schema-graph\">{\"@context\":\"https:\/\/schema.org\",\"@graph\":[{\"@type\":\"WebPage\",\"@id\":\"http:\/\/milchmaedchen-cafe.com\/speisekarte\/\",\"url\":\"http:\/\/milchmaedchen-cafe.com\/speisekarte\/\",\"name\":\"{:de}Speisekarte vom Caf\u00e9 Milchm\u00e4dchen in Dresden - vegan, regional, hausgemacht{:}{:en}Menu of Caf\u00e9 Milchm\u00e4dchen in Dresden - food and drinks{:}\",\"isPartOf\":{\"@id\":\"http:\/\/milchmaedchen-cafe.com\/#website\"},\"datePublished\":\"2021-06-25T11:54:39+00:00\",\"dateModified\":\"2026-04-01T12:42:53+00:00\",\"description\":\"{:de}Hier findest du unsere Speisekarte! Wir bieten dir qualitativ hochwertige Produkte: von veganen Gerichten \u00fcber Kuchen hin zu Waffeln. Und nat\u00fcrlich ist alles handgemacht!{:}{:en}Get to know our menu! We offer you high quality products: from vegan foods to cake and waffles. And of course, everything is housemade!{:}\",\"breadcrumb\":{\"@id\":\"http:\/\/milchmaedchen-cafe.com\/speisekarte\/#breadcrumb\"},\"inLanguage\":\"en-US\",\"potentialAction\":[{\"@type\":\"ReadAction\",\"target\":[\"http:\/\/milchmaedchen-cafe.com\/speisekarte\/\"]}]},{\"@type\":\"BreadcrumbList\",\"@id\":\"http:\/\/milchmaedchen-cafe.com\/speisekarte\/#breadcrumb\",\"itemListElement\":[{\"@type\":\"ListItem\",\"position\":1,\"name\":\"Startseite\",\"item\":\"http:\/\/milchmaedchen-cafe.com\/\"},{\"@type\":\"ListItem\",\"position\":2,\"name\":\"Speisekarte\"}]},{\"@type\":\"WebSite\",\"@id\":\"http:\/\/milchmaedchen-cafe.com\/#website\",\"url\":\"http:\/\/milchmaedchen-cafe.com\/\",\"name\":\"Cafe Milchm\u00e4dchen - Fr\u00fchst\u00fccken in Dresden\",\"description\":\"\",\"publisher\":{\"@id\":\"http:\/\/milchmaedchen-cafe.com\/#organization\"},\"potentialAction\":[{\"@type\":\"SearchAction\",\"target\":{\"@type\":\"EntryPoint\",\"urlTemplate\":\"http:\/\/milchmaedchen-cafe.com\/?s={search_term_string}\"},\"query-input\":\"required name=search_term_string\"}],\"inLanguage\":\"en-US\"},{\"@type\":\"Organization\",\"@id\":\"http:\/\/milchmaedchen-cafe.com\/#organization\",\"name\":\"Caf\u00e9 Milchm\u00e4dchen Dresden\",\"url\":\"http:\/\/milchmaedchen-cafe.com\/\",\"logo\":{\"@type\":\"ImageObject\",\"inLanguage\":\"en-US\",\"@id\":\"http:\/\/milchmaedchen-cafe.com\/#\/schema\/logo\/image\/\",\"url\":\"https:\/\/dev.milchmaedchen-cafe.de\/wp-content\/uploads\/2021\/06\/Milchmaedchen-logo.png\",\"contentUrl\":\"https:\/\/dev.milchmaedchen-cafe.de\/wp-content\/uploads\/2021\/06\/Milchmaedchen-logo.png\",\"width\":474,\"height\":418,\"caption\":\"Caf\u00e9 Milchm\u00e4dchen Dresden\"},\"image\":{\"@id\":\"http:\/\/milchmaedchen-cafe.com\/#\/schema\/logo\/image\/\"}}]}<\/script>\n<!-- \/ Yoast SEO plugin. -->","yoast_head_json":{"title":"{:de}Speisekarte vom Caf\u00e9 Milchm\u00e4dchen in Dresden - vegan, regional, hausgemacht{:}{:en}Menu of Caf\u00e9 Milchm\u00e4dchen in Dresden - food and drinks{:}","description":"{:de}Hier findest du unsere Speisekarte! Wir bieten dir qualitativ hochwertige Produkte: von veganen Gerichten \u00fcber Kuchen hin zu Waffeln. Und nat\u00fcrlich ist alles handgemacht!{:}{:en}Get to know our menu! We offer you high quality products: from vegan foods to cake and waffles. And of course, everything is housemade!{:}","robots":{"index":"index","follow":"follow","max-snippet":"max-snippet:-1","max-image-preview":"max-image-preview:large","max-video-preview":"max-video-preview:-1"},"canonical":"http:\/\/milchmaedchen-cafe.com\/speisekarte\/","og_locale":"en_US","og_type":"article","og_title":"Speisekarte vom Caf\u00e9 Milchm\u00e4dchen in Dresden - vegan, regional, hausgemacht","og_description":"Hier findest du unsere Speisekarte! Wir bieten dir qualitativ hochwertige Produkte: von veganen Gerichten \u00fcber Kuchen hin zu Waffeln. Und nat\u00fcrlich ist alles handgemacht!","og_url":"http:\/\/milchmaedchen-cafe.com\/speisekarte\/","og_site_name":"Cafe Milchm\u00e4dchen - Fr\u00fchst\u00fccken in Dresden","article_modified_time":"2026-04-01T12:42:53+00:00","og_image":[{"width":2560,"height":1706,"url":"http:\/\/milchmaedchen-cafe.com\/wp-content\/uploads\/2023\/12\/Milchmaedchen_05.12.2023_nach-Umbau_neue-Karte-318-scaled.jpg","type":"image\/jpeg"}],"twitter_card":"summary_large_image","twitter_title":"Speisekarte vom Caf\u00e9 Milchm\u00e4dchen in Dresden - vegan, regional, hausgemacht","twitter_description":"Hier findest du unsere Speisekarte! Wir bieten dir qualitativ hochwertige Produkte: von veganen Gerichten \u00fcber Kuchen hin zu Waffeln. Und nat\u00fcrlich ist alles handgemacht!","twitter_image":"https:\/\/milchmaedchen-cafe.com\/wp-content\/uploads\/2021\/06\/Fru\u0308hstu\u0308ck.jpg","twitter_misc":{"Est. reading time":"3 minutes"},"schema":{"@context":"https:\/\/schema.org","@graph":[{"@type":"WebPage","@id":"http:\/\/milchmaedchen-cafe.com\/speisekarte\/","url":"http:\/\/milchmaedchen-cafe.com\/speisekarte\/","name":"{:de}Speisekarte vom Caf\u00e9 Milchm\u00e4dchen in Dresden - vegan, regional, hausgemacht{:}{:en}Menu of Caf\u00e9 Milchm\u00e4dchen in Dresden - food and drinks{:}","isPartOf":{"@id":"http:\/\/milchmaedchen-cafe.com\/#website"},"datePublished":"2021-06-25T11:54:39+00:00","dateModified":"2026-04-01T12:42:53+00:00","description":"{:de}Hier findest du unsere Speisekarte! Wir bieten dir qualitativ hochwertige Produkte: von veganen Gerichten \u00fcber Kuchen hin zu Waffeln. Und nat\u00fcrlich ist alles handgemacht!{:}{:en}Get to know our menu! We offer you high quality products: from vegan foods to cake and waffles. And of course, everything is housemade!{:}","breadcrumb":{"@id":"http:\/\/milchmaedchen-cafe.com\/speisekarte\/#breadcrumb"},"inLanguage":"en-US","potentialAction":[{"@type":"ReadAction","target":["http:\/\/milchmaedchen-cafe.com\/speisekarte\/"]}]},{"@type":"BreadcrumbList","@id":"http:\/\/milchmaedchen-cafe.com\/speisekarte\/#breadcrumb","itemListElement":[{"@type":"ListItem","position":1,"name":"Startseite","item":"http:\/\/milchmaedchen-cafe.com\/"},{"@type":"ListItem","position":2,"name":"Speisekarte"}]},{"@type":"WebSite","@id":"http:\/\/milchmaedchen-cafe.com\/#website","url":"http:\/\/milchmaedchen-cafe.com\/","name":"Cafe Milchm\u00e4dchen - Fr\u00fchst\u00fccken in Dresden","description":"","publisher":{"@id":"http:\/\/milchmaedchen-cafe.com\/#organization"},"potentialAction":[{"@type":"SearchAction","target":{"@type":"EntryPoint","urlTemplate":"http:\/\/milchmaedchen-cafe.com\/?s={search_term_string}"},"query-input":"required name=search_term_string"}],"inLanguage":"en-US"},{"@type":"Organization","@id":"http:\/\/milchmaedchen-cafe.com\/#organization","name":"Caf\u00e9 Milchm\u00e4dchen Dresden","url":"http:\/\/milchmaedchen-cafe.com\/","logo":{"@type":"ImageObject","inLanguage":"en-US","@id":"http:\/\/milchmaedchen-cafe.com\/#\/schema\/logo\/image\/","url":"https:\/\/dev.milchmaedchen-cafe.de\/wp-content\/uploads\/2021\/06\/Milchmaedchen-logo.png","contentUrl":"https:\/\/dev.milchmaedchen-cafe.de\/wp-content\/uploads\/2021\/06\/Milchmaedchen-logo.png","width":474,"height":418,"caption":"Caf\u00e9 Milchm\u00e4dchen Dresden"},"image":{"@id":"http:\/\/milchmaedchen-cafe.com\/#\/schema\/logo\/image\/"}}]}},"_links":{"self":[{"href":"https:\/\/milchmaedchen-cafe.com\/en\/wp-json\/wp\/v2\/pages\/5047","targetHints":{"allow":["GET"]}}],"collection":[{"href":"https:\/\/milchmaedchen-cafe.com\/en\/wp-json\/wp\/v2\/pages"}],"about":[{"href":"https:\/\/milchmaedchen-cafe.com\/en\/wp-json\/wp\/v2\/types\/page"}],"author":[{"embeddable":true,"href":"https:\/\/milchmaedchen-cafe.com\/en\/wp-json\/wp\/v2\/users\/2"}],"replies":[{"embeddable":true,"href":"https:\/\/milchmaedchen-cafe.com\/en\/wp-json\/wp\/v2\/comments?post=5047"}],"version-history":[{"count":97,"href":"https:\/\/milchmaedchen-cafe.com\/en\/wp-json\/wp\/v2\/pages\/5047\/revisions"}],"predecessor-version":[{"id":6019,"href":"https:\/\/milchmaedchen-cafe.com\/en\/wp-json\/wp\/v2\/pages\/5047\/revisions\/6019"}],"wp:featuredmedia":[{"embeddable":true,"href":"https:\/\/milchmaedchen-cafe.com\/en\/wp-json\/wp\/v2\/media\/5664"}],"wp:attachment":[{"href":"https:\/\/milchmaedchen-cafe.com\/en\/wp-json\/wp\/v2\/media?parent=5047"}],"curies":[{"name":"wp","href":"https:\/\/api.w.org\/{rel}","templated":true}]}}