{"id":5058,"date":"2021-06-25T12:15:08","date_gmt":"2021-06-25T12:15:08","guid":{"rendered":"https:\/\/test.caladium.de\/?page_id=5058"},"modified":"2024-01-10T16:25:20","modified_gmt":"2024-01-10T16:25:20","slug":"kontakt","status":"publish","type":"page","link":"https:\/\/milchmaedchen-cafe.com\/en\/kontakt\/","title":{"rendered":"Contact"},"content":{"rendered":"<div class=\"gb-container gb-container-86ff5084\"><div class=\"gb-inside-container\">\n<div class=\"gb-grid-wrapper gb-grid-wrapper-17e3a3bc\">\n<div class=\"gb-grid-column gb-grid-column-7e397e2f\"><div class=\"gb-container gb-container-7e397e2f\"><div class=\"gb-inside-container\">\n\n<h1 class=\"gb-headline gb-headline-ffac6e47 gb-headline-text\">ContaCt<\/h1>\n\n<\/div><\/div><\/div>\n<\/div>\n<\/div><\/div>\n\n<div class=\"gb-container gb-container-46021aff\"><div class=\"gb-inside-container\">\n<div class=\"gb-grid-wrapper gb-grid-wrapper-dcfdb273\">\n<div class=\"gb-grid-column gb-grid-column-d86305be\"><div class=\"gb-container gb-container-d86305be\"><div class=\"gb-inside-container\">\n\n<h2 class=\"gb-headline gb-headline-68c74a0a gb-headline-text\">How to contact us<\/h2>\n\n\n\n<h2 class=\"gb-headline gb-headline-64eabf64 gb-headline-text\">Contact<\/h2>\n\n\n\n<p class=\"has-text-color\" style=\"color:#123f50\"><strong>Caf\u00e9 Milchm\u00e4dchen<br><\/strong>Grunaer Stra\u00dfe 27<br>01069 Dresden<br>Phone: 0351 21512735<\/p>\n\n\n\n<h2 class=\"gb-headline gb-headline-1b840b5c gb-headline-text\">Reservations<\/h2>\n\n\n\n<p class=\"has-text-align-left has-text-color\" style=\"color:#123f50\">It is always recommended to make a reservation. Reservations up to a group of 8 people are very welcome.<\/p>\n\n\n<div class=\"gb-button-wrapper gb-button-wrapper-d6f74f6b\">\n\n<a class=\"gb-button gb-button-feecb3cb gb-button-text\" href=\"https:\/\/www.opentable.de\/r\/cafe-milchmadchen-reservations-dresden?restref=318501&amp;lang=en-US&amp;ot_source=Restaurant%20website\" target=\"_blank\" rel=\"noopener noreferrer\">Reserve a table now<\/a>\n\n<\/div>\n<\/div><\/div><\/div>\n\n<div class=\"gb-grid-column gb-grid-column-7b71f214\"><div class=\"gb-container gb-container-7b71f214\"><div class=\"gb-inside-container\">\n\n<\/div><\/div><\/div>\n<\/div>\n\n<div class=\"gb-grid-wrapper gb-grid-wrapper-57a676e7\">\n<div class=\"gb-grid-column gb-grid-column-8e276d16\"><div class=\"gb-container gb-container-8e276d16\"><div class=\"gb-inside-container\"><\/div><\/div><\/div>\n\n<div class=\"gb-grid-column gb-grid-column-66c9f7f1\"><div class=\"gb-container gb-container-66c9f7f1\"><div class=\"gb-inside-container\"><\/div><\/div><\/div>\n<\/div>\n<\/div><\/div>","protected":false},"excerpt":{"rendered":"","protected":false},"author":2,"featured_media":5669,"parent":0,"menu_order":0,"comment_status":"closed","ping_status":"closed","template":"","meta":{"footnotes":""},"class_list":["post-5058","page","type-page","status-publish","has-post-thumbnail"],"translation":{"provider":"WPGlobus","version":"2.12.2","language":"en","enabled_languages":["de","en"],"languages":{"de":{"title":true,"content":true,"excerpt":false},"en":{"title":true,"content":true,"excerpt":false}}},"yoast_head":"<!-- This site is optimized with the Yoast SEO plugin v21.7 - https:\/\/yoast.com\/wordpress\/plugins\/seo\/ -->\n<title>{:de}Kontakt und Reservierungen beim Caf\u00e9 Milchm\u00e4dchen in Dresden{:}{:en}Contact - Reservate Tables at Caf\u00e9 Milchm\u00e4dchen in Dresden{:}<\/title>\n<meta name=\"description\" content=\"{:de}Auf unserer Kontaktseite hast du die M\u00f6glichkeit, mit uns in Kontakt zu treten sowie einen Tisch in unserem Kaffee zu reservieren{:}{:en}Our contact page gives you the oppertunity to get in touch with us as well as make an reservation for a table at our coffee{:}\" \/>\n<meta name=\"robots\" content=\"index, follow, max-snippet:-1, max-image-preview:large, max-video-preview:-1\" \/>\n<link rel=\"canonical\" href=\"https:\/\/milchmaedchen-cafe.com\/kontakt\/\" \/>\n<meta property=\"og:locale\" content=\"en_US\" \/>\n<meta property=\"og:type\" content=\"article\" \/>\n<meta property=\"og:title\" content=\"Kontakt und Reservierungen beim Caf\u00e9 Milchm\u00e4dchen in Dresden\" \/>\n<meta property=\"og:description\" content=\"Auf unserer Kontaktseite hast du die M\u00f6glichkeit, mit uns in Kontakt zu treten sowie einen Tisch in unserem Kaffee zu reservieren\" \/>\n<meta property=\"og:url\" content=\"https:\/\/milchmaedchen-cafe.com\/kontakt\/\" \/>\n<meta property=\"og:site_name\" content=\"Cafe Milchm\u00e4dchen - Fr\u00fchst\u00fccken in Dresden\" \/>\n<meta property=\"article:modified_time\" content=\"2024-01-10T16:25:20+00:00\" \/>\n<meta property=\"og:image\" content=\"https:\/\/milchmaedchen-cafe.com\/wp-content\/uploads\/2023\/12\/Milchmaedchen_05.12.2023_nach-Umbau_neue-Karte-194-scaled.jpg\" \/>\n\t<meta property=\"og:image:width\" content=\"1706\" \/>\n\t<meta property=\"og:image:height\" content=\"2560\" \/>\n\t<meta property=\"og:image:type\" content=\"image\/jpeg\" \/>\n<meta name=\"twitter:card\" content=\"summary_large_image\" \/>\n<meta name=\"twitter:title\" content=\"Kontakt und Reservierungen beim Caf\u00e9 Milchm\u00e4dchen in Dresden\" \/>\n<meta name=\"twitter:description\" content=\"Auf unserer Kontaktseite hast du die M\u00f6glichkeit, mit uns in Kontakt zu treten sowie einen Tisch in unserem Kaffee zu reservieren\" \/>\n<meta name=\"twitter:image\" content=\"https:\/\/milchmaedchen-cafe.com\/wp-content\/uploads\/2021\/06\/DSC5622.jpg\" \/>\n<meta name=\"twitter:label1\" content=\"Est. reading time\" \/>\n\t<meta name=\"twitter:data1\" content=\"1 minute\" \/>\n<script type=\"application\/ld+json\" class=\"yoast-schema-graph\">{\"@context\":\"https:\/\/schema.org\",\"@graph\":[{\"@type\":\"WebPage\",\"@id\":\"https:\/\/milchmaedchen-cafe.com\/kontakt\/\",\"url\":\"https:\/\/milchmaedchen-cafe.com\/kontakt\/\",\"name\":\"{:de}Kontakt und Reservierungen beim Caf\u00e9 Milchm\u00e4dchen in Dresden{:}{:en}Contact - Reservate Tables at Caf\u00e9 Milchm\u00e4dchen in Dresden{:}\",\"isPartOf\":{\"@id\":\"http:\/\/milchmaedchen-cafe.com\/#website\"},\"datePublished\":\"2021-06-25T12:15:08+00:00\",\"dateModified\":\"2024-01-10T16:25:20+00:00\",\"description\":\"{:de}Auf unserer Kontaktseite hast du die M\u00f6glichkeit, mit uns in Kontakt zu treten sowie einen Tisch in unserem Kaffee zu reservieren{:}{:en}Our contact page gives you the oppertunity to get in touch with us as well as make an reservation for a table at our coffee{:}\",\"breadcrumb\":{\"@id\":\"https:\/\/milchmaedchen-cafe.com\/kontakt\/#breadcrumb\"},\"inLanguage\":\"en-US\",\"potentialAction\":[{\"@type\":\"ReadAction\",\"target\":[\"https:\/\/milchmaedchen-cafe.com\/kontakt\/\"]}]},{\"@type\":\"BreadcrumbList\",\"@id\":\"https:\/\/milchmaedchen-cafe.com\/kontakt\/#breadcrumb\",\"itemListElement\":[{\"@type\":\"ListItem\",\"position\":1,\"name\":\"Startseite\",\"item\":\"http:\/\/milchmaedchen-cafe.com\/\"},{\"@type\":\"ListItem\",\"position\":2,\"name\":\"Kontakt\"}]},{\"@type\":\"WebSite\",\"@id\":\"http:\/\/milchmaedchen-cafe.com\/#website\",\"url\":\"http:\/\/milchmaedchen-cafe.com\/\",\"name\":\"Cafe Milchm\u00e4dchen - Fr\u00fchst\u00fccken in Dresden\",\"description\":\"\",\"publisher\":{\"@id\":\"http:\/\/milchmaedchen-cafe.com\/#organization\"},\"potentialAction\":[{\"@type\":\"SearchAction\",\"target\":{\"@type\":\"EntryPoint\",\"urlTemplate\":\"http:\/\/milchmaedchen-cafe.com\/?s={search_term_string}\"},\"query-input\":\"required name=search_term_string\"}],\"inLanguage\":\"en-US\"},{\"@type\":\"Organization\",\"@id\":\"http:\/\/milchmaedchen-cafe.com\/#organization\",\"name\":\"Caf\u00e9 Milchm\u00e4dchen Dresden\",\"url\":\"http:\/\/milchmaedchen-cafe.com\/\",\"logo\":{\"@type\":\"ImageObject\",\"inLanguage\":\"en-US\",\"@id\":\"http:\/\/milchmaedchen-cafe.com\/#\/schema\/logo\/image\/\",\"url\":\"https:\/\/dev.milchmaedchen-cafe.de\/wp-content\/uploads\/2021\/06\/Milchmaedchen-logo.png\",\"contentUrl\":\"https:\/\/dev.milchmaedchen-cafe.de\/wp-content\/uploads\/2021\/06\/Milchmaedchen-logo.png\",\"width\":474,\"height\":418,\"caption\":\"Caf\u00e9 Milchm\u00e4dchen Dresden\"},\"image\":{\"@id\":\"http:\/\/milchmaedchen-cafe.com\/#\/schema\/logo\/image\/\"}}]}<\/script>\n<!-- \/ Yoast SEO plugin. -->","yoast_head_json":{"title":"{:de}Kontakt und Reservierungen beim Caf\u00e9 Milchm\u00e4dchen in Dresden{:}{:en}Contact - Reservate Tables at Caf\u00e9 Milchm\u00e4dchen in Dresden{:}","description":"{:de}Auf unserer Kontaktseite hast du die M\u00f6glichkeit, mit uns in Kontakt zu treten sowie einen Tisch in unserem Kaffee zu reservieren{:}{:en}Our contact page gives you the oppertunity to get in touch with us as well as make an reservation for a table at our coffee{:}","robots":{"index":"index","follow":"follow","max-snippet":"max-snippet:-1","max-image-preview":"max-image-preview:large","max-video-preview":"max-video-preview:-1"},"canonical":"https:\/\/milchmaedchen-cafe.com\/kontakt\/","og_locale":"en_US","og_type":"article","og_title":"Kontakt und Reservierungen beim Caf\u00e9 Milchm\u00e4dchen in Dresden","og_description":"Auf unserer Kontaktseite hast du die M\u00f6glichkeit, mit uns in Kontakt zu treten sowie einen Tisch in unserem Kaffee zu reservieren","og_url":"https:\/\/milchmaedchen-cafe.com\/kontakt\/","og_site_name":"Cafe Milchm\u00e4dchen - Fr\u00fchst\u00fccken in Dresden","article_modified_time":"2024-01-10T16:25:20+00:00","og_image":[{"width":1706,"height":2560,"url":"https:\/\/milchmaedchen-cafe.com\/wp-content\/uploads\/2023\/12\/Milchmaedchen_05.12.2023_nach-Umbau_neue-Karte-194-scaled.jpg","type":"image\/jpeg"}],"twitter_card":"summary_large_image","twitter_title":"Kontakt und Reservierungen beim Caf\u00e9 Milchm\u00e4dchen in Dresden","twitter_description":"Auf unserer Kontaktseite hast du die M\u00f6glichkeit, mit uns in Kontakt zu treten sowie einen Tisch in unserem Kaffee zu reservieren","twitter_image":"https:\/\/milchmaedchen-cafe.com\/wp-content\/uploads\/2021\/06\/DSC5622.jpg","twitter_misc":{"Est. reading time":"1 minute"},"schema":{"@context":"https:\/\/schema.org","@graph":[{"@type":"WebPage","@id":"https:\/\/milchmaedchen-cafe.com\/kontakt\/","url":"https:\/\/milchmaedchen-cafe.com\/kontakt\/","name":"{:de}Kontakt und Reservierungen beim Caf\u00e9 Milchm\u00e4dchen in Dresden{:}{:en}Contact - Reservate Tables at Caf\u00e9 Milchm\u00e4dchen in Dresden{:}","isPartOf":{"@id":"http:\/\/milchmaedchen-cafe.com\/#website"},"datePublished":"2021-06-25T12:15:08+00:00","dateModified":"2024-01-10T16:25:20+00:00","description":"{:de}Auf unserer Kontaktseite hast du die M\u00f6glichkeit, mit uns in Kontakt zu treten sowie einen Tisch in unserem Kaffee zu reservieren{:}{:en}Our contact page gives you the oppertunity to get in touch with us as well as make an reservation for a table at our coffee{:}","breadcrumb":{"@id":"https:\/\/milchmaedchen-cafe.com\/kontakt\/#breadcrumb"},"inLanguage":"en-US","potentialAction":[{"@type":"ReadAction","target":["https:\/\/milchmaedchen-cafe.com\/kontakt\/"]}]},{"@type":"BreadcrumbList","@id":"https:\/\/milchmaedchen-cafe.com\/kontakt\/#breadcrumb","itemListElement":[{"@type":"ListItem","position":1,"name":"Startseite","item":"http:\/\/milchmaedchen-cafe.com\/"},{"@type":"ListItem","position":2,"name":"Kontakt"}]},{"@type":"WebSite","@id":"http:\/\/milchmaedchen-cafe.com\/#website","url":"http:\/\/milchmaedchen-cafe.com\/","name":"Cafe Milchm\u00e4dchen - Fr\u00fchst\u00fccken in Dresden","description":"","publisher":{"@id":"http:\/\/milchmaedchen-cafe.com\/#organization"},"potentialAction":[{"@type":"SearchAction","target":{"@type":"EntryPoint","urlTemplate":"http:\/\/milchmaedchen-cafe.com\/?s={search_term_string}"},"query-input":"required name=search_term_string"}],"inLanguage":"en-US"},{"@type":"Organization","@id":"http:\/\/milchmaedchen-cafe.com\/#organization","name":"Caf\u00e9 Milchm\u00e4dchen Dresden","url":"http:\/\/milchmaedchen-cafe.com\/","logo":{"@type":"ImageObject","inLanguage":"en-US","@id":"http:\/\/milchmaedchen-cafe.com\/#\/schema\/logo\/image\/","url":"https:\/\/dev.milchmaedchen-cafe.de\/wp-content\/uploads\/2021\/06\/Milchmaedchen-logo.png","contentUrl":"https:\/\/dev.milchmaedchen-cafe.de\/wp-content\/uploads\/2021\/06\/Milchmaedchen-logo.png","width":474,"height":418,"caption":"Caf\u00e9 Milchm\u00e4dchen Dresden"},"image":{"@id":"http:\/\/milchmaedchen-cafe.com\/#\/schema\/logo\/image\/"}}]}},"_links":{"self":[{"href":"https:\/\/milchmaedchen-cafe.com\/en\/wp-json\/wp\/v2\/pages\/5058","targetHints":{"allow":["GET"]}}],"collection":[{"href":"https:\/\/milchmaedchen-cafe.com\/en\/wp-json\/wp\/v2\/pages"}],"about":[{"href":"https:\/\/milchmaedchen-cafe.com\/en\/wp-json\/wp\/v2\/types\/page"}],"author":[{"embeddable":true,"href":"https:\/\/milchmaedchen-cafe.com\/en\/wp-json\/wp\/v2\/users\/2"}],"replies":[{"embeddable":true,"href":"https:\/\/milchmaedchen-cafe.com\/en\/wp-json\/wp\/v2\/comments?post=5058"}],"version-history":[{"count":24,"href":"https:\/\/milchmaedchen-cafe.com\/en\/wp-json\/wp\/v2\/pages\/5058\/revisions"}],"predecessor-version":[{"id":5807,"href":"https:\/\/milchmaedchen-cafe.com\/en\/wp-json\/wp\/v2\/pages\/5058\/revisions\/5807"}],"wp:featuredmedia":[{"embeddable":true,"href":"https:\/\/milchmaedchen-cafe.com\/en\/wp-json\/wp\/v2\/media\/5669"}],"wp:attachment":[{"href":"https:\/\/milchmaedchen-cafe.com\/en\/wp-json\/wp\/v2\/media?parent=5058"}],"curies":[{"name":"wp","href":"https:\/\/api.w.org\/{rel}","templated":true}]}}