{"id":5073,"date":"2021-06-25T12:26:48","date_gmt":"2021-06-25T12:26:48","guid":{"rendered":"https:\/\/test.caladium.de\/?page_id=5073"},"modified":"2025-07-30T13:13:26","modified_gmt":"2025-07-30T13:13:26","slug":"impressum","status":"publish","type":"page","link":"https:\/\/milchmaedchen-cafe.com\/en\/impressum\/","title":{"rendered":"Imprint"},"content":{"rendered":"<div class=\"gb-container gb-container-86ff5084\"><div class=\"gb-inside-container\">\n<div class=\"gb-grid-wrapper gb-grid-wrapper-17e3a3bc\">\n<div class=\"gb-grid-column gb-grid-column-7e397e2f\"><div class=\"gb-container gb-container-7e397e2f\"><div class=\"gb-inside-container\">\n\n<h1 class=\"gb-headline gb-headline-ffac6e47 gb-headline-text\">Imprint<\/h1>\n\n<\/div><\/div><\/div>\n<\/div>\n<\/div><\/div>\n\n<div class=\"gb-container gb-container-031328f8\"><div class=\"gb-inside-container\">\n\n<p class=\"has-text-color\" style=\"color:#123f50\">Milchm\u00e4dchen GmbH<br>Lucas Neimann<br>Grunaer Stra\u00dfe 27<br>01069 Dresden<\/p>\n\n\n\n<h3 class=\"wp-block-heading has-text-color\" style=\"color:#123f50\">Contact<\/h3>\n\n\n\n<p class=\"has-text-color\" style=\"color:#123f50\">Phone: 0351 \/ 21512735<br>Mail: info@milchmaedchen-cafe.de<br>Tax number: 203 \/ 114 \/ 00399<br>HRB 46023 Amtsgericht Dresden<br>VAT ID: DE451826403<\/p>\n\n\n\n<p class=\"has-text-color has-link-color wp-elements-affeb56ef87141306cfcb7609b33806f\" style=\"color:#123f50\">Bank:<br>Osts\u00e4chsische Sparkasse Dresden<br>IBAN: DE54850503000221328203<br>BIC: OSDDDE81XXX<\/p>\n\n\n\n<p class=\"has-text-color\" style=\"color:#123f50\">We are not willing or obligated to participate in dispute resolution proceedings before a consumer arbitration board.<\/p>\n\n\n<div class=\"gb-container gb-container-50de8afe\">\n\n<h3 class=\"wp-block-heading has-text-color\" style=\"color:#123f50\">Liability for content<\/h3>\n\n<\/div>\n\n\n<p class=\"has-text-color\" style=\"color:#123f50\">The contents of these pages have been created with the greatest care. However, we cannot accept any liability for the accuracy, completeness and timeliness of the contents. As service providers, we are responsible for our own contents on this site in accordance with general laws. However, service providers are not obliged to monitor the third-party information they transmit or store or to search for circumstances that indicate illegal activities. Obligations to remove information or to block the use of information in accordance with general laws remain unaffected. In this case, liability is only possible at the time of knowledge about a specific violation of law. If we become aware of such violations, we will remove this content immediately.<\/p>\n\n\n\n<h3 class=\"wp-block-heading has-text-color\" style=\"color:#123f50\">Liability for Links<\/h3>\n\n\n\n<p class=\"has-text-color\" style=\"color:#123f50\">Our offer contains links to external websites of third parties, on whose contents we have no influence. Therefore, we can not assume any liability for these external contents. The respective provider or operator of the pages is always responsible for the content of the linked pages. The linked pages were checked for possible legal violations at the time of linking. Illegal contents were not recognizable at the time of linking.<\/p>\n\n\n\n<p class=\"has-text-color\" style=\"color:#123f50\">A permanent control of the content of the linked pages, however, is not reasonable without concrete evidence of a violation of the law. If we become aware of any infringements, we will remove such links immediately.<\/p>\n\n\n\n<h3 class=\"wp-block-heading has-text-color\" style=\"color:#123f50\">Copyright<\/h3>\n\n\n\n<p class=\"has-text-color\" style=\"color:#123f50\">The content and works created by the site operators on these pages are subject to German copyright law. The reproduction, editing, distribution and any kind of exploitation outside the limits of copyright require the written consent of the respective author or creator. Downloads and copies of this site are only permitted for private, non-commercial use.<\/p>\n\n\n\n<p class=\"has-text-color\" style=\"color:#123f50\">As far as the content on this page was not created by the operator, the copyrights of third parties are respected. In particular, third-party content is identified as such. Should you nevertheless become aware of a copyright infringement, we ask that you notify us accordingly. If we become aware of any infringements, we will remove such content immediately.<\/p>\n\n\n\n<p>Source:&nbsp;<a href=\"https:\/\/www.e-recht24.de\/\">eRecht24<\/a><\/p>\n\n<\/div><\/div>","protected":false},"excerpt":{"rendered":"<p>Milchm\u00e4dchen GmbHLucas NeimannGrunaer Stra\u00dfe 2701069 Dresden Contact Phone: 0351 \/ 21512735Mail: info@milchmaedchen-cafe.deTax number: 203 \/ 114 \/ 00399HRB 46023 Amtsgericht DresdenVAT ID: DE451826403 Bank:Osts\u00e4chsische Sparkasse DresdenIBAN: DE54850503000221328203BIC: OSDDDE81XXX We are not willing or obligated to participate in dispute resolution proceedings &#8230; <a title=\"Imprint\" class=\"read-more\" href=\"https:\/\/milchmaedchen-cafe.com\/en\/impressum\/\" aria-label=\"More on Imprint\">Read More<\/a><\/p>\n","protected":false},"author":2,"featured_media":0,"parent":0,"menu_order":0,"comment_status":"closed","ping_status":"closed","template":"","meta":{"footnotes":""},"class_list":["post-5073","page","type-page","status-publish"],"translation":{"provider":"WPGlobus","version":"2.12.2","language":"en","enabled_languages":["de","en"],"languages":{"de":{"title":true,"content":true,"excerpt":false},"en":{"title":true,"content":true,"excerpt":false}}},"yoast_head":"<!-- This site is optimized with the Yoast SEO plugin v21.7 - https:\/\/yoast.com\/wordpress\/plugins\/seo\/ -->\n<title>{:de}Impressum{:}{:en}Imprint{:} - Cafe Milchm\u00e4dchen - Fr\u00fchst\u00fccken in Dresden<\/title>\n<meta name=\"robots\" content=\"index, follow, max-snippet:-1, max-image-preview:large, max-video-preview:-1\" \/>\n<link rel=\"canonical\" href=\"https:\/\/milchmaedchen-cafe.com\/impressum\/\" \/>\n<meta property=\"og:locale\" content=\"en_US\" \/>\n<meta property=\"og:type\" content=\"article\" \/>\n<meta property=\"og:title\" content=\"{:de}Impressum{:}{:en}Imprint{:} - Cafe Milchm\u00e4dchen - Fr\u00fchst\u00fccken in Dresden\" \/>\n<meta property=\"og:description\" content=\"Milchm\u00e4dchen GmbHLucas NeimannGrunaer Stra\u00dfe 2701069 Dresden Contact Phone: 0351 \/ 21512735Mail: info@milchmaedchen-cafe.deTax number: 203 \/ 114 \/ 00399HRB 46023 Amtsgericht DresdenVAT ID: DE451826403 Bank:Osts\u00e4chsische Sparkasse DresdenIBAN: DE54850503000221328203BIC: OSDDDE81XXX We are not willing or obligated to participate in dispute resolution proceedings ... Read More\" \/>\n<meta property=\"og:url\" content=\"https:\/\/milchmaedchen-cafe.com\/impressum\/\" \/>\n<meta property=\"og:site_name\" content=\"Cafe Milchm\u00e4dchen - Fr\u00fchst\u00fccken in Dresden\" \/>\n<meta property=\"article:modified_time\" content=\"2025-07-30T13:13:26+00:00\" \/>\n<meta name=\"twitter:card\" content=\"summary_large_image\" \/>\n<meta name=\"twitter:label1\" content=\"Est. reading time\" \/>\n\t<meta name=\"twitter:data1\" content=\"3 minutes\" \/>\n<script type=\"application\/ld+json\" class=\"yoast-schema-graph\">{\"@context\":\"https:\/\/schema.org\",\"@graph\":[{\"@type\":\"WebPage\",\"@id\":\"https:\/\/milchmaedchen-cafe.com\/impressum\/\",\"url\":\"https:\/\/milchmaedchen-cafe.com\/impressum\/\",\"name\":\"{:de}Impressum{:}{:en}Imprint{:} - Cafe Milchm\u00e4dchen - Fr\u00fchst\u00fccken in Dresden\",\"isPartOf\":{\"@id\":\"http:\/\/milchmaedchen-cafe.com\/#website\"},\"datePublished\":\"2021-06-25T12:26:48+00:00\",\"dateModified\":\"2025-07-30T13:13:26+00:00\",\"breadcrumb\":{\"@id\":\"https:\/\/milchmaedchen-cafe.com\/impressum\/#breadcrumb\"},\"inLanguage\":\"en-US\",\"potentialAction\":[{\"@type\":\"ReadAction\",\"target\":[\"https:\/\/milchmaedchen-cafe.com\/impressum\/\"]}]},{\"@type\":\"BreadcrumbList\",\"@id\":\"https:\/\/milchmaedchen-cafe.com\/impressum\/#breadcrumb\",\"itemListElement\":[{\"@type\":\"ListItem\",\"position\":1,\"name\":\"Startseite\",\"item\":\"http:\/\/milchmaedchen-cafe.com\/\"},{\"@type\":\"ListItem\",\"position\":2,\"name\":\"Impressum\"}]},{\"@type\":\"WebSite\",\"@id\":\"http:\/\/milchmaedchen-cafe.com\/#website\",\"url\":\"http:\/\/milchmaedchen-cafe.com\/\",\"name\":\"Cafe Milchm\u00e4dchen - Fr\u00fchst\u00fccken in Dresden\",\"description\":\"\",\"publisher\":{\"@id\":\"http:\/\/milchmaedchen-cafe.com\/#organization\"},\"potentialAction\":[{\"@type\":\"SearchAction\",\"target\":{\"@type\":\"EntryPoint\",\"urlTemplate\":\"http:\/\/milchmaedchen-cafe.com\/?s={search_term_string}\"},\"query-input\":\"required name=search_term_string\"}],\"inLanguage\":\"en-US\"},{\"@type\":\"Organization\",\"@id\":\"http:\/\/milchmaedchen-cafe.com\/#organization\",\"name\":\"Caf\u00e9 Milchm\u00e4dchen Dresden\",\"url\":\"http:\/\/milchmaedchen-cafe.com\/\",\"logo\":{\"@type\":\"ImageObject\",\"inLanguage\":\"en-US\",\"@id\":\"http:\/\/milchmaedchen-cafe.com\/#\/schema\/logo\/image\/\",\"url\":\"https:\/\/dev.milchmaedchen-cafe.de\/wp-content\/uploads\/2021\/06\/Milchmaedchen-logo.png\",\"contentUrl\":\"https:\/\/dev.milchmaedchen-cafe.de\/wp-content\/uploads\/2021\/06\/Milchmaedchen-logo.png\",\"width\":474,\"height\":418,\"caption\":\"Caf\u00e9 Milchm\u00e4dchen Dresden\"},\"image\":{\"@id\":\"http:\/\/milchmaedchen-cafe.com\/#\/schema\/logo\/image\/\"}}]}<\/script>\n<!-- \/ Yoast SEO plugin. -->","yoast_head_json":{"title":"{:de}Impressum{:}{:en}Imprint{:} - Cafe Milchm\u00e4dchen - Fr\u00fchst\u00fccken in Dresden","robots":{"index":"index","follow":"follow","max-snippet":"max-snippet:-1","max-image-preview":"max-image-preview:large","max-video-preview":"max-video-preview:-1"},"canonical":"https:\/\/milchmaedchen-cafe.com\/impressum\/","og_locale":"en_US","og_type":"article","og_title":"{:de}Impressum{:}{:en}Imprint{:} - Cafe Milchm\u00e4dchen - Fr\u00fchst\u00fccken in Dresden","og_description":"Milchm\u00e4dchen GmbHLucas NeimannGrunaer Stra\u00dfe 2701069 Dresden Contact Phone: 0351 \/ 21512735Mail: info@milchmaedchen-cafe.deTax number: 203 \/ 114 \/ 00399HRB 46023 Amtsgericht DresdenVAT ID: DE451826403 Bank:Osts\u00e4chsische Sparkasse DresdenIBAN: DE54850503000221328203BIC: OSDDDE81XXX We are not willing or obligated to participate in dispute resolution proceedings ... Read More","og_url":"https:\/\/milchmaedchen-cafe.com\/impressum\/","og_site_name":"Cafe Milchm\u00e4dchen - Fr\u00fchst\u00fccken in Dresden","article_modified_time":"2025-07-30T13:13:26+00:00","twitter_card":"summary_large_image","twitter_misc":{"Est. reading time":"3 minutes"},"schema":{"@context":"https:\/\/schema.org","@graph":[{"@type":"WebPage","@id":"https:\/\/milchmaedchen-cafe.com\/impressum\/","url":"https:\/\/milchmaedchen-cafe.com\/impressum\/","name":"{:de}Impressum{:}{:en}Imprint{:} - Cafe Milchm\u00e4dchen - Fr\u00fchst\u00fccken in Dresden","isPartOf":{"@id":"http:\/\/milchmaedchen-cafe.com\/#website"},"datePublished":"2021-06-25T12:26:48+00:00","dateModified":"2025-07-30T13:13:26+00:00","breadcrumb":{"@id":"https:\/\/milchmaedchen-cafe.com\/impressum\/#breadcrumb"},"inLanguage":"en-US","potentialAction":[{"@type":"ReadAction","target":["https:\/\/milchmaedchen-cafe.com\/impressum\/"]}]},{"@type":"BreadcrumbList","@id":"https:\/\/milchmaedchen-cafe.com\/impressum\/#breadcrumb","itemListElement":[{"@type":"ListItem","position":1,"name":"Startseite","item":"http:\/\/milchmaedchen-cafe.com\/"},{"@type":"ListItem","position":2,"name":"Impressum"}]},{"@type":"WebSite","@id":"http:\/\/milchmaedchen-cafe.com\/#website","url":"http:\/\/milchmaedchen-cafe.com\/","name":"Cafe Milchm\u00e4dchen - Fr\u00fchst\u00fccken in Dresden","description":"","publisher":{"@id":"http:\/\/milchmaedchen-cafe.com\/#organization"},"potentialAction":[{"@type":"SearchAction","target":{"@type":"EntryPoint","urlTemplate":"http:\/\/milchmaedchen-cafe.com\/?s={search_term_string}"},"query-input":"required name=search_term_string"}],"inLanguage":"en-US"},{"@type":"Organization","@id":"http:\/\/milchmaedchen-cafe.com\/#organization","name":"Caf\u00e9 Milchm\u00e4dchen Dresden","url":"http:\/\/milchmaedchen-cafe.com\/","logo":{"@type":"ImageObject","inLanguage":"en-US","@id":"http:\/\/milchmaedchen-cafe.com\/#\/schema\/logo\/image\/","url":"https:\/\/dev.milchmaedchen-cafe.de\/wp-content\/uploads\/2021\/06\/Milchmaedchen-logo.png","contentUrl":"https:\/\/dev.milchmaedchen-cafe.de\/wp-content\/uploads\/2021\/06\/Milchmaedchen-logo.png","width":474,"height":418,"caption":"Caf\u00e9 Milchm\u00e4dchen Dresden"},"image":{"@id":"http:\/\/milchmaedchen-cafe.com\/#\/schema\/logo\/image\/"}}]}},"_links":{"self":[{"href":"https:\/\/milchmaedchen-cafe.com\/en\/wp-json\/wp\/v2\/pages\/5073","targetHints":{"allow":["GET"]}}],"collection":[{"href":"https:\/\/milchmaedchen-cafe.com\/en\/wp-json\/wp\/v2\/pages"}],"about":[{"href":"https:\/\/milchmaedchen-cafe.com\/en\/wp-json\/wp\/v2\/types\/page"}],"author":[{"embeddable":true,"href":"https:\/\/milchmaedchen-cafe.com\/en\/wp-json\/wp\/v2\/users\/2"}],"replies":[{"embeddable":true,"href":"https:\/\/milchmaedchen-cafe.com\/en\/wp-json\/wp\/v2\/comments?post=5073"}],"version-history":[{"count":27,"href":"https:\/\/milchmaedchen-cafe.com\/en\/wp-json\/wp\/v2\/pages\/5073\/revisions"}],"predecessor-version":[{"id":5994,"href":"https:\/\/milchmaedchen-cafe.com\/en\/wp-json\/wp\/v2\/pages\/5073\/revisions\/5994"}],"wp:attachment":[{"href":"https:\/\/milchmaedchen-cafe.com\/en\/wp-json\/wp\/v2\/media?parent=5073"}],"curies":[{"name":"wp","href":"https:\/\/api.w.org\/{rel}","templated":true}]}}