{"id":5101,"date":"2020-04-12T14:03:07","date_gmt":"2020-04-12T14:03:07","guid":{"rendered":"https:\/\/gpsites.co\/vinyasa\/?page_id=3242"},"modified":"2024-01-10T16:23:04","modified_gmt":"2024-01-10T16:23:04","slug":"ueber-uns","status":"publish","type":"page","link":"https:\/\/milchmaedchen-cafe.com\/en\/ueber-uns\/","title":{"rendered":"About us"},"content":{"rendered":"<div class=\"gb-container gb-container-86ff5084\"><div class=\"gb-inside-container\">\n<div class=\"gb-grid-wrapper gb-grid-wrapper-17e3a3bc\">\n<div class=\"gb-grid-column gb-grid-column-7e397e2f\"><div class=\"gb-container gb-container-7e397e2f\"><div class=\"gb-inside-container\">\n\n<h1 class=\"gb-headline gb-headline-ffac6e47 gb-headline-text\">About us<\/h1>\n\n<\/div><\/div><\/div>\n<\/div>\n<\/div><\/div>\n\n<div class=\"gb-container gb-container-ba8c0951\"><div class=\"gb-inside-container\">\n<div class=\"gb-grid-wrapper gb-grid-wrapper-07645ddc\">\n<div class=\"gb-grid-column gb-grid-column-59ae8270\"><div class=\"gb-container gb-container-59ae8270\"><div class=\"gb-inside-container\">\n\n<h2 class=\"gb-headline gb-headline-a88a3c78 gb-headline-text\">Everything we do, we do with passion.<\/h2>\n\n\n\n<p class=\"has-text-color\" style=\"color:#123f50\">Ever since 2016, we enchant our guests with our breakfast and cakes, as well as finest coffee in the beautiful town of Dresden, between the famous Frauenkirche and Gro\u00dfer Garten.<br><br>Our cakes, waffles an bread are homemade with love, our coffee specialties are freshly brewed and frothed with our portafilter machine.<\/p>\n\n<\/div><\/div><\/div>\n\n<div class=\"gb-grid-column gb-grid-column-e6671192\"><div class=\"gb-container gb-container-e6671192\"><div class=\"gb-inside-container\">\n\n<p class=\"has-text-color\" style=\"color:#123f50\">We attach great importance to regional partnerships to support our home region. This way we also make sure that you will only get best quality products dishes.<\/p>\n\n<\/div><\/div><\/div>\n<\/div>\n<\/div><\/div>\n\n<div class=\"gb-grid-wrapper gb-grid-wrapper-8913edc4\">\n<div class=\"gb-grid-column gb-grid-column-91a47b9d\"><div class=\"gb-container gb-container-91a47b9d\"><div class=\"gb-inside-container\">\n\n<figure class=\"wp-block-image size-large\"><img loading=\"lazy\" decoding=\"async\" width=\"1024\" height=\"683\" src=\"http:\/\/milchmaedchen-cafe.com\/wp-content\/uploads\/2023\/12\/Milchmaedchen_05.12.2023_nach-Umbau_neue-Karte-133-1024x683.jpg\" alt=\"\" class=\"wp-image-5681\" srcset=\"https:\/\/milchmaedchen-cafe.com\/wp-content\/uploads\/2023\/12\/Milchmaedchen_05.12.2023_nach-Umbau_neue-Karte-133-1024x683.jpg 1024w, https:\/\/milchmaedchen-cafe.com\/wp-content\/uploads\/2023\/12\/Milchmaedchen_05.12.2023_nach-Umbau_neue-Karte-133-300x200.jpg 300w, https:\/\/milchmaedchen-cafe.com\/wp-content\/uploads\/2023\/12\/Milchmaedchen_05.12.2023_nach-Umbau_neue-Karte-133-768x512.jpg 768w, https:\/\/milchmaedchen-cafe.com\/wp-content\/uploads\/2023\/12\/Milchmaedchen_05.12.2023_nach-Umbau_neue-Karte-133-1536x1024.jpg 1536w, https:\/\/milchmaedchen-cafe.com\/wp-content\/uploads\/2023\/12\/Milchmaedchen_05.12.2023_nach-Umbau_neue-Karte-133-2048x1365.jpg 2048w\" sizes=\"auto, (max-width: 1024px) 100vw, 1024px\" \/><\/figure>\n\n<\/div><\/div><\/div>\n\n<div class=\"gb-grid-column gb-grid-column-48051ff1\"><div class=\"gb-container gb-container-48051ff1\"><div class=\"gb-inside-container\">\n\n<h3 class=\"gb-headline gb-headline-0ca1c17f gb-headline-text\">Breakfast<\/h3>\n\n\n\n<p class=\"has-text-color\" style=\"color:#123f50\">Breakfast is the most important meal of the day. That&#8217;s why everyone can find their personal perfect start in the day at our caf\u00e9. <br><br>Wether sweet or savory, our breakfast dishes are not just bread with toppings, buit fantastic creations from our creative kitchen team. <br><br>Even if you are not a morning person or like to get up late &#8211; our breakfast is available daily until 5pm.<\/p>\n\n<\/div><\/div><\/div>\n<\/div>\n\n<div class=\"gb-grid-wrapper gb-grid-wrapper-eaf3093c\">\n<div class=\"gb-grid-column gb-grid-column-86bfa5a9\"><div class=\"gb-container gb-container-86bfa5a9\"><div class=\"gb-inside-container\">\n\n<h3 class=\"gb-headline gb-headline-3e0ab972 gb-headline-text\">REGIONAL<\/h3>\n\n\n\n<p class=\"has-text-color\" style=\"color:#123f50\">Whenever possible we are working with regional distributors and producers. By using local ingredients we want to underline our regional connectivity and support local economy. <br><\/p>\n\n<\/div><\/div><\/div>\n\n<div class=\"gb-grid-column gb-grid-column-1649f74c\"><div class=\"gb-container gb-container-1649f74c\"><div class=\"gb-inside-container\">\n\n<figure class=\"wp-block-image size-large\"><img loading=\"lazy\" decoding=\"async\" width=\"1024\" height=\"683\" src=\"http:\/\/milchmaedchen-cafe.com\/wp-content\/uploads\/2023\/12\/Milchmaedchen_05.12.2023_nach-Umbau_neue-Karte-298-1024x683.jpg\" alt=\"\" class=\"wp-image-5700\" srcset=\"https:\/\/milchmaedchen-cafe.com\/wp-content\/uploads\/2023\/12\/Milchmaedchen_05.12.2023_nach-Umbau_neue-Karte-298-1024x683.jpg 1024w, https:\/\/milchmaedchen-cafe.com\/wp-content\/uploads\/2023\/12\/Milchmaedchen_05.12.2023_nach-Umbau_neue-Karte-298-300x200.jpg 300w, https:\/\/milchmaedchen-cafe.com\/wp-content\/uploads\/2023\/12\/Milchmaedchen_05.12.2023_nach-Umbau_neue-Karte-298-768x512.jpg 768w, https:\/\/milchmaedchen-cafe.com\/wp-content\/uploads\/2023\/12\/Milchmaedchen_05.12.2023_nach-Umbau_neue-Karte-298-1536x1024.jpg 1536w, https:\/\/milchmaedchen-cafe.com\/wp-content\/uploads\/2023\/12\/Milchmaedchen_05.12.2023_nach-Umbau_neue-Karte-298-2048x1365.jpg 2048w\" sizes=\"auto, (max-width: 1024px) 100vw, 1024px\" \/><\/figure>\n\n<\/div><\/div><\/div>\n<\/div>\n\n<div class=\"gb-grid-wrapper gb-grid-wrapper-b863d693\">\n<div class=\"gb-grid-column gb-grid-column-91696983\"><div class=\"gb-container gb-container-91696983\"><div class=\"gb-inside-container\">\n\n<figure class=\"wp-block-image size-large\"><img loading=\"lazy\" decoding=\"async\" width=\"1024\" height=\"683\" src=\"http:\/\/milchmaedchen-cafe.com\/wp-content\/uploads\/2023\/12\/Milchmaedchen_05.12.2023_nach-Umbau_neue-Karte-360-1024x683.jpg\" alt=\"\" class=\"wp-image-5705\" srcset=\"https:\/\/milchmaedchen-cafe.com\/wp-content\/uploads\/2023\/12\/Milchmaedchen_05.12.2023_nach-Umbau_neue-Karte-360-1024x683.jpg 1024w, https:\/\/milchmaedchen-cafe.com\/wp-content\/uploads\/2023\/12\/Milchmaedchen_05.12.2023_nach-Umbau_neue-Karte-360-300x200.jpg 300w, https:\/\/milchmaedchen-cafe.com\/wp-content\/uploads\/2023\/12\/Milchmaedchen_05.12.2023_nach-Umbau_neue-Karte-360-768x512.jpg 768w, https:\/\/milchmaedchen-cafe.com\/wp-content\/uploads\/2023\/12\/Milchmaedchen_05.12.2023_nach-Umbau_neue-Karte-360-1536x1024.jpg 1536w, https:\/\/milchmaedchen-cafe.com\/wp-content\/uploads\/2023\/12\/Milchmaedchen_05.12.2023_nach-Umbau_neue-Karte-360-2048x1365.jpg 2048w\" sizes=\"auto, (max-width: 1024px) 100vw, 1024px\" \/><\/figure>\n\n<\/div><\/div><\/div>\n\n<div class=\"gb-grid-column gb-grid-column-3a2c0e48\"><div class=\"gb-container gb-container-3a2c0e48\"><div class=\"gb-inside-container\">\n\n<h3 class=\"gb-headline gb-headline-a4d88c21 gb-headline-text\">Housebaked<\/h3>\n\n\n\n<p class=\"has-text-color\" style=\"color:#123f50\">Great cakes have to have a soul. That is why grandma&#8217;s cakes always taste the best. For that reason we also bake all cakes ourselves; no mass production, in our own small bakery. <\/p>\n\n\n\n<p class=\"has-text-color\" style=\"color:#123f50\">Fudge Brownie, Kirsch-Zupfkuchen, Cheesecakes made after American recipes, vegan cakes enjoyed by all, and of course our legendary Carrot Cake&#8230; <\/p>\n\n\n\n<p class=\"has-text-color\" style=\"color:#123f50\">Everyone can find their sweet temptation in our cake counter.<\/p>\n\n<\/div><\/div><\/div>\n<\/div>","protected":false},"excerpt":{"rendered":"","protected":false},"author":2,"featured_media":5666,"parent":0,"menu_order":0,"comment_status":"closed","ping_status":"closed","template":"","meta":{"footnotes":""},"class_list":["post-5101","page","type-page","status-publish","has-post-thumbnail"],"translation":{"provider":"WPGlobus","version":"2.12.2","language":"en","enabled_languages":["de","en"],"languages":{"de":{"title":true,"content":true,"excerpt":false},"en":{"title":true,"content":true,"excerpt":false}}},"yoast_head":"<!-- This site is optimized with the Yoast SEO plugin v21.7 - https:\/\/yoast.com\/wordpress\/plugins\/seo\/ -->\n<title>{:de}\u00dcber Uns - Caf\u00e9 Milchm\u00e4dchen in Dresden{:}{:en}About us - Caf\u00e9 Milchm\u00e4dchen in Dresden{:}<\/title>\n<meta name=\"description\" content=\"{:de}Erfahre auf dieser Seite, warum du zu uns kommen solltest und warum du unser regionales, hausgemachtes Fr\u00fchst\u00fccksangebot testen solltest.{:}{:en}Find out on this page why you should come to us and why you should try our regional homemade breakfast offer.{:}\" \/>\n<meta name=\"robots\" content=\"index, follow, max-snippet:-1, max-image-preview:large, max-video-preview:-1\" \/>\n<link rel=\"canonical\" href=\"https:\/\/milchmaedchen-cafe.com\/ueber-uns\/\" \/>\n<meta property=\"og:locale\" content=\"en_US\" \/>\n<meta property=\"og:type\" content=\"article\" \/>\n<meta property=\"og:title\" content=\"\u00dcber Uns - Caf\u00e9 Milchm\u00e4dchen in Dresden\" \/>\n<meta property=\"og:description\" content=\"Erfahre auf dieser Seite, warum du zu uns kommen solltest und warum du unser regionales, hausgemachtes Fr\u00fchst\u00fccksangebot testen solltest.\" \/>\n<meta property=\"og:url\" content=\"https:\/\/milchmaedchen-cafe.com\/ueber-uns\/\" \/>\n<meta property=\"og:site_name\" content=\"Cafe Milchm\u00e4dchen - Fr\u00fchst\u00fccken in Dresden\" \/>\n<meta property=\"article:modified_time\" content=\"2024-01-10T16:23:04+00:00\" \/>\n<meta property=\"og:image\" content=\"https:\/\/milchmaedchen-cafe.com\/wp-content\/uploads\/2021\/06\/DSC5664.jpg\" \/>\n\t<meta property=\"og:image:width\" content=\"1200\" \/>\n\t<meta property=\"og:image:height\" content=\"800\" \/>\n\t<meta property=\"og:image:type\" content=\"image\/jpeg\" \/>\n<meta name=\"twitter:card\" content=\"summary_large_image\" \/>\n<meta name=\"twitter:title\" content=\"\u00dcber Uns - Caf\u00e9 Milchm\u00e4dchen in Dresden\" \/>\n<meta name=\"twitter:description\" content=\"Erfahre auf dieser Seite, warum du zu uns kommen solltest und warum du unser regionales, hausgemachtes Fr\u00fchst\u00fccksangebot testen solltest.\" \/>\n<meta name=\"twitter:image\" content=\"https:\/\/milchmaedchen-cafe.com\/wp-content\/uploads\/2021\/06\/DSC5664.jpg\" \/>\n<meta name=\"twitter:label1\" content=\"Est. reading time\" \/>\n\t<meta name=\"twitter:data1\" content=\"3 minutes\" \/>\n<script type=\"application\/ld+json\" class=\"yoast-schema-graph\">{\"@context\":\"https:\/\/schema.org\",\"@graph\":[{\"@type\":\"WebPage\",\"@id\":\"https:\/\/milchmaedchen-cafe.com\/ueber-uns\/\",\"url\":\"https:\/\/milchmaedchen-cafe.com\/ueber-uns\/\",\"name\":\"{:de}\u00dcber Uns - Caf\u00e9 Milchm\u00e4dchen in Dresden{:}{:en}About us - Caf\u00e9 Milchm\u00e4dchen in Dresden{:}\",\"isPartOf\":{\"@id\":\"http:\/\/milchmaedchen-cafe.com\/#website\"},\"datePublished\":\"2020-04-12T14:03:07+00:00\",\"dateModified\":\"2024-01-10T16:23:04+00:00\",\"description\":\"{:de}Erfahre auf dieser Seite, warum du zu uns kommen solltest und warum du unser regionales, hausgemachtes Fr\u00fchst\u00fccksangebot testen solltest.{:}{:en}Find out on this page why you should come to us and why you should try our regional homemade breakfast offer.{:}\",\"breadcrumb\":{\"@id\":\"https:\/\/milchmaedchen-cafe.com\/ueber-uns\/#breadcrumb\"},\"inLanguage\":\"en-US\",\"potentialAction\":[{\"@type\":\"ReadAction\",\"target\":[\"https:\/\/milchmaedchen-cafe.com\/ueber-uns\/\"]}]},{\"@type\":\"BreadcrumbList\",\"@id\":\"https:\/\/milchmaedchen-cafe.com\/ueber-uns\/#breadcrumb\",\"itemListElement\":[{\"@type\":\"ListItem\",\"position\":1,\"name\":\"Startseite\",\"item\":\"http:\/\/milchmaedchen-cafe.com\/\"},{\"@type\":\"ListItem\",\"position\":2,\"name\":\"\u00dcber Uns\"}]},{\"@type\":\"WebSite\",\"@id\":\"http:\/\/milchmaedchen-cafe.com\/#website\",\"url\":\"http:\/\/milchmaedchen-cafe.com\/\",\"name\":\"Cafe Milchm\u00e4dchen - Fr\u00fchst\u00fccken in Dresden\",\"description\":\"\",\"publisher\":{\"@id\":\"http:\/\/milchmaedchen-cafe.com\/#organization\"},\"potentialAction\":[{\"@type\":\"SearchAction\",\"target\":{\"@type\":\"EntryPoint\",\"urlTemplate\":\"http:\/\/milchmaedchen-cafe.com\/?s={search_term_string}\"},\"query-input\":\"required name=search_term_string\"}],\"inLanguage\":\"en-US\"},{\"@type\":\"Organization\",\"@id\":\"http:\/\/milchmaedchen-cafe.com\/#organization\",\"name\":\"Caf\u00e9 Milchm\u00e4dchen Dresden\",\"url\":\"http:\/\/milchmaedchen-cafe.com\/\",\"logo\":{\"@type\":\"ImageObject\",\"inLanguage\":\"en-US\",\"@id\":\"http:\/\/milchmaedchen-cafe.com\/#\/schema\/logo\/image\/\",\"url\":\"https:\/\/dev.milchmaedchen-cafe.de\/wp-content\/uploads\/2021\/06\/Milchmaedchen-logo.png\",\"contentUrl\":\"https:\/\/dev.milchmaedchen-cafe.de\/wp-content\/uploads\/2021\/06\/Milchmaedchen-logo.png\",\"width\":474,\"height\":418,\"caption\":\"Caf\u00e9 Milchm\u00e4dchen Dresden\"},\"image\":{\"@id\":\"http:\/\/milchmaedchen-cafe.com\/#\/schema\/logo\/image\/\"}}]}<\/script>\n<!-- \/ Yoast SEO plugin. -->","yoast_head_json":{"title":"{:de}\u00dcber Uns - Caf\u00e9 Milchm\u00e4dchen in Dresden{:}{:en}About us - Caf\u00e9 Milchm\u00e4dchen in Dresden{:}","description":"{:de}Erfahre auf dieser Seite, warum du zu uns kommen solltest und warum du unser regionales, hausgemachtes Fr\u00fchst\u00fccksangebot testen solltest.{:}{:en}Find out on this page why you should come to us and why you should try our regional homemade breakfast offer.{:}","robots":{"index":"index","follow":"follow","max-snippet":"max-snippet:-1","max-image-preview":"max-image-preview:large","max-video-preview":"max-video-preview:-1"},"canonical":"https:\/\/milchmaedchen-cafe.com\/ueber-uns\/","og_locale":"en_US","og_type":"article","og_title":"\u00dcber Uns - Caf\u00e9 Milchm\u00e4dchen in Dresden","og_description":"Erfahre auf dieser Seite, warum du zu uns kommen solltest und warum du unser regionales, hausgemachtes Fr\u00fchst\u00fccksangebot testen solltest.","og_url":"https:\/\/milchmaedchen-cafe.com\/ueber-uns\/","og_site_name":"Cafe Milchm\u00e4dchen - Fr\u00fchst\u00fccken in Dresden","article_modified_time":"2024-01-10T16:23:04+00:00","og_image":[{"width":1200,"height":800,"url":"https:\/\/milchmaedchen-cafe.com\/wp-content\/uploads\/2021\/06\/DSC5664.jpg","type":"image\/jpeg"}],"twitter_card":"summary_large_image","twitter_title":"\u00dcber Uns - Caf\u00e9 Milchm\u00e4dchen in Dresden","twitter_description":"Erfahre auf dieser Seite, warum du zu uns kommen solltest und warum du unser regionales, hausgemachtes Fr\u00fchst\u00fccksangebot testen solltest.","twitter_image":"https:\/\/milchmaedchen-cafe.com\/wp-content\/uploads\/2021\/06\/DSC5664.jpg","twitter_misc":{"Est. reading time":"3 minutes"},"schema":{"@context":"https:\/\/schema.org","@graph":[{"@type":"WebPage","@id":"https:\/\/milchmaedchen-cafe.com\/ueber-uns\/","url":"https:\/\/milchmaedchen-cafe.com\/ueber-uns\/","name":"{:de}\u00dcber Uns - Caf\u00e9 Milchm\u00e4dchen in Dresden{:}{:en}About us - Caf\u00e9 Milchm\u00e4dchen in Dresden{:}","isPartOf":{"@id":"http:\/\/milchmaedchen-cafe.com\/#website"},"datePublished":"2020-04-12T14:03:07+00:00","dateModified":"2024-01-10T16:23:04+00:00","description":"{:de}Erfahre auf dieser Seite, warum du zu uns kommen solltest und warum du unser regionales, hausgemachtes Fr\u00fchst\u00fccksangebot testen solltest.{:}{:en}Find out on this page why you should come to us and why you should try our regional homemade breakfast offer.{:}","breadcrumb":{"@id":"https:\/\/milchmaedchen-cafe.com\/ueber-uns\/#breadcrumb"},"inLanguage":"en-US","potentialAction":[{"@type":"ReadAction","target":["https:\/\/milchmaedchen-cafe.com\/ueber-uns\/"]}]},{"@type":"BreadcrumbList","@id":"https:\/\/milchmaedchen-cafe.com\/ueber-uns\/#breadcrumb","itemListElement":[{"@type":"ListItem","position":1,"name":"Startseite","item":"http:\/\/milchmaedchen-cafe.com\/"},{"@type":"ListItem","position":2,"name":"\u00dcber Uns"}]},{"@type":"WebSite","@id":"http:\/\/milchmaedchen-cafe.com\/#website","url":"http:\/\/milchmaedchen-cafe.com\/","name":"Cafe Milchm\u00e4dchen - Fr\u00fchst\u00fccken in Dresden","description":"","publisher":{"@id":"http:\/\/milchmaedchen-cafe.com\/#organization"},"potentialAction":[{"@type":"SearchAction","target":{"@type":"EntryPoint","urlTemplate":"http:\/\/milchmaedchen-cafe.com\/?s={search_term_string}"},"query-input":"required name=search_term_string"}],"inLanguage":"en-US"},{"@type":"Organization","@id":"http:\/\/milchmaedchen-cafe.com\/#organization","name":"Caf\u00e9 Milchm\u00e4dchen Dresden","url":"http:\/\/milchmaedchen-cafe.com\/","logo":{"@type":"ImageObject","inLanguage":"en-US","@id":"http:\/\/milchmaedchen-cafe.com\/#\/schema\/logo\/image\/","url":"https:\/\/dev.milchmaedchen-cafe.de\/wp-content\/uploads\/2021\/06\/Milchmaedchen-logo.png","contentUrl":"https:\/\/dev.milchmaedchen-cafe.de\/wp-content\/uploads\/2021\/06\/Milchmaedchen-logo.png","width":474,"height":418,"caption":"Caf\u00e9 Milchm\u00e4dchen Dresden"},"image":{"@id":"http:\/\/milchmaedchen-cafe.com\/#\/schema\/logo\/image\/"}}]}},"_links":{"self":[{"href":"https:\/\/milchmaedchen-cafe.com\/en\/wp-json\/wp\/v2\/pages\/5101","targetHints":{"allow":["GET"]}}],"collection":[{"href":"https:\/\/milchmaedchen-cafe.com\/en\/wp-json\/wp\/v2\/pages"}],"about":[{"href":"https:\/\/milchmaedchen-cafe.com\/en\/wp-json\/wp\/v2\/types\/page"}],"author":[{"embeddable":true,"href":"https:\/\/milchmaedchen-cafe.com\/en\/wp-json\/wp\/v2\/users\/2"}],"replies":[{"embeddable":true,"href":"https:\/\/milchmaedchen-cafe.com\/en\/wp-json\/wp\/v2\/comments?post=5101"}],"version-history":[{"count":26,"href":"https:\/\/milchmaedchen-cafe.com\/en\/wp-json\/wp\/v2\/pages\/5101\/revisions"}],"predecessor-version":[{"id":5801,"href":"https:\/\/milchmaedchen-cafe.com\/en\/wp-json\/wp\/v2\/pages\/5101\/revisions\/5801"}],"wp:featuredmedia":[{"embeddable":true,"href":"https:\/\/milchmaedchen-cafe.com\/en\/wp-json\/wp\/v2\/media\/5666"}],"wp:attachment":[{"href":"https:\/\/milchmaedchen-cafe.com\/en\/wp-json\/wp\/v2\/media?parent=5101"}],"curies":[{"name":"wp","href":"https:\/\/api.w.org\/{rel}","templated":true}]}}